{"id":109,"date":"2017-12-27T15:02:21","date_gmt":"2017-12-27T14:02:21","guid":{"rendered":"https:\/\/stemplomat.pl\/?page_id=109"},"modified":"2022-12-18T18:54:10","modified_gmt":"2022-12-18T17:54:10","slug":"kontakt","status":"publish","type":"page","link":"https:\/\/stemplomat.pl\/","title":{"rendered":"Kontakt &#8211; Stemplomat"},"content":{"rendered":"<section class=\"wpb-content-wrapper\"><p>[vc_row][vc_column width=&#8221;1\/2&#8243;][vc_single_image image=&#8221;389&#8243; img_size=&#8221;full&#8221; alignment=&#8221;center&#8221;][\/vc_column][vc_column width=&#8221;1\/2&#8243;][vc_column_text css_animation=&#8221;fadeInLeft&#8221;]<\/p>\n<p style=\"text-align: left;\"><span class=\"w8qArf\">\u00a0<\/span><\/p>\n<p>Stemplomat.pl<\/p>\n<p style=\"text-align: left;\"><span class=\"LrzXr\">Osiedle Piastowskie 36, 61-151 Pozna\u0144<\/span><\/p>\n<p style=\"text-align: left;\">Telefon: 514 144 608<\/p>\n<p style=\"text-align: left;\">(w godzinach 10:00 &#8211; 18:00)<\/p>\n<p style=\"text-align: left;\">po godzinie 16:00 prosimy o pozostawienie wiadomo\u015bci SMS<\/p>\n<p style=\"text-align: left;\">Zapraszamy!<\/p>\n<p>[\/vc_column_text][\/vc_column][\/vc_row][vc_row][vc_column][vc_column_text]Jeste\u015bmy firm\u0105 z wieloletnia tradycj\u0105. Nasz klient mo\u017ce liczy\u0107 na solidne wykonanie us\u0142ugi, wsparcie podczas sk\u0142adania zam\u00f3wienia oraz w trakcie jego realizacji, niezale\u017cnie od tego czy jest to osoba fizyczna czy korporacja. Po prostu staramy si\u0119 bardziej \ud83d\ude42 Kr\u00f3tkie terminy, brak b\u0142\u0119d\u00f3w oraz elastyczno\u015b\u0107 we wsp\u00f3\u0142pracy to nasz cel i Twoje zadowolenie.[\/vc_column_text][\/vc_column][\/vc_row]<\/p>\n<\/section>","protected":false},"excerpt":{"rendered":"<p>[vc_row][vc_column width=&#8221;1\/2&#8243;][vc_single_image image=&#8221;389&#8243; img_size=&#8221;full&#8221; alignment=&#8221;center&#8221;][\/vc_column][vc_column width=&#8221;1\/2&#8243;][vc_column_text css_animation=&#8221;fadeInLeft&#8221;] \u00a0 Stemplomat.pl Osiedle Piastowskie 36, 61-151 Pozna\u0144 Telefon: 514 144 608 (w godzinach 10:00 &#8211; 18:00) po godzinie 16:00 prosimy o pozostawienie wiadomo\u015bci SMS Zapraszamy! [\/vc_column_text][\/vc_column][\/vc_row][vc_row][vc_column][vc_column_text]Jeste\u015bmy firm\u0105 z wieloletnia tradycj\u0105. Nasz klient mo\u017ce liczy\u0107 na solidne wykonanie us\u0142ugi, wsparcie podczas sk\u0142adania zam\u00f3wienia oraz w trakcie jego realizacji, niezale\u017cnie [&hellip;]<\/p>\n","protected":false},"author":1,"featured_media":0,"parent":0,"menu_order":0,"comment_status":"closed","ping_status":"closed","template":"","meta":[],"_links":{"self":[{"href":"https:\/\/stemplomat.pl\/index.php?rest_route=\/wp\/v2\/pages\/109"}],"collection":[{"href":"https:\/\/stemplomat.pl\/index.php?rest_route=\/wp\/v2\/pages"}],"about":[{"href":"https:\/\/stemplomat.pl\/index.php?rest_route=\/wp\/v2\/types\/page"}],"author":[{"embeddable":true,"href":"https:\/\/stemplomat.pl\/index.php?rest_route=\/wp\/v2\/users\/1"}],"replies":[{"embeddable":true,"href":"https:\/\/stemplomat.pl\/index.php?rest_route=%2Fwp%2Fv2%2Fcomments&post=109"}],"version-history":[{"count":8,"href":"https:\/\/stemplomat.pl\/index.php?rest_route=\/wp\/v2\/pages\/109\/revisions"}],"predecessor-version":[{"id":398,"href":"https:\/\/stemplomat.pl\/index.php?rest_route=\/wp\/v2\/pages\/109\/revisions\/398"}],"wp:attachment":[{"href":"https:\/\/stemplomat.pl\/index.php?rest_route=%2Fwp%2Fv2%2Fmedia&parent=109"}],"curies":[{"name":"wp","href":"https:\/\/api.w.org\/{rel}","templated":true}]}}