{"id":33,"date":"2017-12-27T00:41:01","date_gmt":"2017-12-26T23:41:01","guid":{"rendered":"https:\/\/stemplomat.pl\/?page_id=33"},"modified":"2017-12-27T00:46:27","modified_gmt":"2017-12-26T23:46:27","slug":"ustawienia-rodzinne-nota-prawna","status":"publish","type":"page","link":"https:\/\/stemplomat.pl\/?page_id=33","title":{"rendered":"Nota Prawna"},"content":{"rendered":"<section class=\"wpb-content-wrapper\"><p>[vc_row][vc_column width=&#8221;1\/3&#8243;][vc_column_text]<\/p>\n<div class=\"row\">\n<div class=\"media-body\">\n<div class=\"col-lg-8 col-md-8\">\n<p>Niniejsze opracowanie ma charakter autorski, \u017cadna z podanych technik, \u0107wicze\u0144, sugestii nie ma charakteru leczniczego, medycznego lub autoryzowanego przez lekarzy i ich prawnych zwierzchnik\u00f3w.<\/p>\n<p>Je\u015bli opis jest zgodny ze stosowanymi wcze\u015bniej, w czasie lub po upublicznieniu niniejszej publikacji ze &#8222;sztuk\u0105 nowoczesnej medycyny&#8221; to prawdopodobnie dlatego, i\u017c medycyna nowoczesna, psychologia bardzo cz\u0119sto zapo\u017cyczaj\u0105 do\u015bwiadczenie ze starszych przekaz\u00f3w.\u00a0 Publikacja nie odcina si\u0119 od do\u015bwiadcze\u0144 i wiedzy wsp\u00f3\u0142czesnej medycyny &#8211; zach\u0119ca nawet do korzystania z do\u015bwiadczonych i wykszta\u0142conych lekarzy, gdy jednak nowoczesna medycyna zawiedzie, nale\u017cy samemu rozwa\u017cy\u0107 zastosowanie rozwi\u0105za\u0144, kt\u00f3rych naukowa medycyna dzi\u015b jeszcze nie rozumie.<\/p>\n<p>Mimo, i\u017c naukowo udowodniono ju\u017c, zbadano i opisano r\u00f3\u017cnice w typie kom\u00f3rek ludzkiego cia\u0142a prowadz\u0105cych po kana\u0142ach akupunktury, dzi\u015b wielu lekarzy nadal nie ma o tym \u017cadnego poj\u0119cia, a wr\u0119cz reaguj\u0105 na t\u0105 informacj\u0119 agresywnie &#8211; jest to normalne. Gdy nast\u0119puje zmiana g\u0142\u0119bokich przekona\u0144 &#8211; i rozpada si\u0119 nasz iluzoryczny wzorzec pojawia si\u0119 trauma, zjawisko to jest opisane w niniejszej publikacji. Z punktu widzenia autora, liczy si\u0119 wy\u0142\u0105cznie rezultat dzia\u0142a\u0144. Je\u015bli po zastosowaniu technik zawartych w opracowaniu nast\u0105pi zmiana w wewn\u0119trznym systemie cz\u0142owieka to autor uznaje to wy\u0142\u0105cznie jako &#8222;uzdrowienie&#8221; lub &#8222;cudowne uzdrowienie&#8221;, a nie &#8222;wyleczenie&#8221;.\u00a0 Lecz\u0105 bowiem lekarze, a Pa\u0144stwo uzdrawiacie si\u0119 sami.<\/p>\n<p>&nbsp;<\/p>\n<\/div>\n<\/div>\n<\/div>\n<p>[\/vc_column_text][\/vc_column][vc_column parallax=&#8221;content-moving-fade&#8221; width=&#8221;2\/3&#8243;][vc_single_image image=&#8221;34&#8243; img_size=&#8221;full&#8221; alignment=&#8221;center&#8221;][\/vc_column][\/vc_row][vc_row][vc_column][vc_column_text]Autor zaznacza, \u017ce w\u00a0 niniejszym opracowaniu mog\u0105 pojawia\u0107 si\u0119 b\u0142\u0119dy, zaznacza r\u00f3wnie\u017c, \u017ce s\u0142ownictwo u\u017cyte w opracowaniu mo\u017ce posiada\u0107 inne znaczenie, ni\u017c w dost\u0119pnej literaturze, jednak\u017ce s\u0105 to tylko s\u0142owa, kt\u00f3re zosta\u0142y wyja\u015bnione w tre\u015bci publikacji. Wszelkie prawa do tre\u015bci s\u0105 zastrze\u017cone, kopiowanie i prezentacja wymaga pisemnej zgody autora z podaniem \u017ar\u00f3d\u0142a tre\u015bci. Podane w tre\u015bci przyk\u0142ady zosta\u0142y zaczerpni\u0119te z wieloletniego do\u015bwiadczenia autora w pracy z lud\u017ami, je\u015bli znajdujecie Pa\u0144stwo w nich ukryte rozwi\u0105zania &#8211; niech b\u0119dzie to dobre dla Pa\u0144stwa.<\/p>\n<p>Oczywi\u015bcie ze wzgl\u0119d\u00f3w prawnych wszelkie dzia\u0142ania podejmujecie Pa\u0144stwo na w\u0142asn\u0105 odpowiedzialno\u015b\u0107 i ryzyko bez mo\u017cliwo\u015bci kierowania jakichkolwiek roszcze\u0144 w stosunku do w\u0142a\u015bciciela strony i uczestnik\u00f3w zaj\u0119\u0107. Je\u015bli nie akceptujecie powy\u017cszego &#8211; prosz\u0119 o opuszczenie strony. Korzystanie ze strony i zaj\u0119\u0107 w jakiejkolwiek formie jest r\u00f3wnoznaczna z akceptacj\u0105 umieszczonej powy\u017cej informacji. \u017bycz\u0119 mi\u0142ej lektury i do zobaczenia na zaj\u0119ciach!<\/p>\n<p>Strona mo\u017ce korzysta\u0107 z plik\u00f3w cookies, cho\u0107 nie zosta\u0142a przez nas\u00a0do tego celu zaprogramowana. Je\u015bli Twoja przegl\u0105darka korzysta z plik\u00f3w cookies mimo to &#8211; zawszcze mo\u017cesz zwr\u00f3ci\u0107 si\u0119 do producenta przegl\u0105darki z pro\u015bb\u0105 o wyja\u015bnienia. Jesli ktokolwiek odpowie &#8211; b\u0119dziemy zdziwieni.[\/vc_column_text][\/vc_column][\/vc_row]<\/p>\n<\/section>","protected":false},"excerpt":{"rendered":"<p>[vc_row][vc_column width=&#8221;1\/3&#8243;][vc_column_text] Niniejsze opracowanie ma charakter autorski, \u017cadna z podanych technik, \u0107wicze\u0144, sugestii nie ma charakteru leczniczego, medycznego lub autoryzowanego przez lekarzy i ich prawnych zwierzchnik\u00f3w. Je\u015bli opis jest zgodny ze stosowanymi wcze\u015bniej, w czasie lub po upublicznieniu niniejszej publikacji ze &#8222;sztuk\u0105 nowoczesnej medycyny&#8221; to prawdopodobnie dlatego, i\u017c medycyna nowoczesna, psychologia bardzo cz\u0119sto zapo\u017cyczaj\u0105 do\u015bwiadczenie [&hellip;]<\/p>\n","protected":false},"author":1,"featured_media":0,"parent":0,"menu_order":0,"comment_status":"closed","ping_status":"closed","template":"","meta":[],"_links":{"self":[{"href":"https:\/\/stemplomat.pl\/index.php?rest_route=\/wp\/v2\/pages\/33"}],"collection":[{"href":"https:\/\/stemplomat.pl\/index.php?rest_route=\/wp\/v2\/pages"}],"about":[{"href":"https:\/\/stemplomat.pl\/index.php?rest_route=\/wp\/v2\/types\/page"}],"author":[{"embeddable":true,"href":"https:\/\/stemplomat.pl\/index.php?rest_route=\/wp\/v2\/users\/1"}],"replies":[{"embeddable":true,"href":"https:\/\/stemplomat.pl\/index.php?rest_route=%2Fwp%2Fv2%2Fcomments&post=33"}],"version-history":[{"count":2,"href":"https:\/\/stemplomat.pl\/index.php?rest_route=\/wp\/v2\/pages\/33\/revisions"}],"predecessor-version":[{"id":37,"href":"https:\/\/stemplomat.pl\/index.php?rest_route=\/wp\/v2\/pages\/33\/revisions\/37"}],"wp:attachment":[{"href":"https:\/\/stemplomat.pl\/index.php?rest_route=%2Fwp%2Fv2%2Fmedia&parent=33"}],"curies":[{"name":"wp","href":"https:\/\/api.w.org\/{rel}","templated":true}]}}